{"id":685,"date":"2024-06-03T10:08:50","date_gmt":"2024-06-03T08:08:50","guid":{"rendered":"https:\/\/www.areaindustrialhornodealcedo.com\/avis-legal\/"},"modified":"2024-10-24T10:14:24","modified_gmt":"2024-10-24T08:14:24","slug":"avis-legal","status":"publish","type":"page","link":"https:\/\/www.areaindustrialhornodealcedo.com\/val\/avis-legal\/","title":{"rendered":"Av\u00eds Legal"},"content":{"rendered":"\t\t<div data-elementor-type=\"wp-page\" data-elementor-id=\"685\" class=\"elementor elementor-685 elementor-449\" data-elementor-post-type=\"page\">\n\t\t\t\t<div class=\"elementor-element elementor-element-eec1fbb e-flex e-con-boxed e-con e-parent\" data-id=\"eec1fbb\" data-element_type=\"container\">\n\t\t\t\t\t<div class=\"e-con-inner\">\n\t\t\t\t<div class=\"elementor-element elementor-element-8c9fe8b elementor-widget elementor-widget-text-editor\" data-id=\"8c9fe8b\" data-element_type=\"widget\" data-widget_type=\"text-editor.default\">\n\t\t\t\t<div class=\"elementor-widget-container\">\n\t\t\t<style>\/*! elementor - v3.21.0 - 08-05-2024 *\/\n.elementor-widget-text-editor.elementor-drop-cap-view-stacked .elementor-drop-cap{background-color:#69727d;color:#fff}.elementor-widget-text-editor.elementor-drop-cap-view-framed .elementor-drop-cap{color:#69727d;border:3px solid;background-color:transparent}.elementor-widget-text-editor:not(.elementor-drop-cap-view-default) .elementor-drop-cap{margin-top:8px}.elementor-widget-text-editor:not(.elementor-drop-cap-view-default) .elementor-drop-cap-letter{width:1em;height:1em}.elementor-widget-text-editor .elementor-drop-cap{float:left;text-align:center;line-height:1;font-size:50px}.elementor-widget-text-editor .elementor-drop-cap-letter{display:inline-block}<\/style>\t\t\t\t<p><b>Termes i condicions d&#8217;\u00fas <\/b><\/p>\n<p><span style=\"font-weight: 400;\">Gr\u00e0cies per triar l&#8217;ENTITAT DE GESTI\u00d3 I MODERNITZACI\u00d3 FORN D&#8217;ALCEDO. Mitjan\u00e7ant l&#8217;\u00fas i acc\u00e9s a aquest lloc web i a les adreces URL derivades de www.egmhornodealcedo.com (d&#8217;ara endavant, els llocs web), vost\u00e9 establix un contracte vinculant amb la nostra societat. Aquest contracte inclou i implica la seua acceptaci\u00f3 d&#8217;aquests \u201cTermes i Condicions d&#8217;\u00das\u201d i la nostra \u201cPol\u00edtica de Privacitat\u201d. Si no estiguera d&#8217;acord amb qualsevol dels termes, condicions o pol\u00edtica, li convidem amablement a abandonar els llocs web propietat de l&#8217;ENTITAT DE GESTI\u00d3 I MODERNITZACI\u00d3 FORN D&#8217;ALCEDO. <\/span><\/p>\n<p><span style=\"font-weight: 400;\">Els llocs web s\u00f3n titularitat de l&#8217;ENTITAT DE GESTI\u00d3 I MODERNITZACI\u00d3 FORN D&#8217;ALCEDO, amb seu social al Carrer Pi Blanc 3, 46026 Pobles del Sud (Val\u00e8ncia), amb CIF G10569945, tel\u00e8fon 622 62 61 33 i correu electr\u00f2nic: gerencia@gaindustriales.com.<\/span><\/p>\n<p><span style=\"font-weight: 400;\">L&#8217;ENTITAT DE GESTI\u00d3 I MODERNITZACI\u00d3 FORN D&#8217;ALCEDO li indica que \u00e9s obligaci\u00f3 de l&#8217;usuari llegir les presents condicions d&#8217;\u00fas dels llocs web, considerant-se vigents i, per tant, aplicables. Aquestes estaran disponibles en tot moment a la p\u00e0gina web (www.egmhornodealcedo.com). Totes les condicions poden ser emmagatzemades i reprodu\u00efdes pels usuaris o clients a trav\u00e9s de qualsevol eina dels processadors de text convencionals del mercat. <\/span><\/p>\n<p><span style=\"font-weight: 400;\">Per a poder utilitzar i navegar pels llocs web de l&#8217;ENTITAT DE GESTI\u00d3 I MODERNITZACI\u00d3 FORN D&#8217;ALCEDO, l&#8217;Usuari ha de:<\/span><\/p>\n<ol>\n<li style=\"font-weight: 400;\" aria-level=\"1\"><span style=\"font-weight: 400;\">Tindre 16 o m\u00e9s anys, o tindre 14 i comptar amb el consentiment patern o del seu tutor a aquests termes.<\/span><\/li>\n<li style=\"font-weight: 400;\" aria-level=\"1\"><span style=\"font-weight: 400;\">Tindre capacitat per a establir un contracte vinculant amb nosaltres i que cap llei aplicable li ho prohibisca.<\/span><\/li>\n<li style=\"font-weight: 400;\" aria-level=\"1\"><span style=\"font-weight: 400;\">Ser resident a Espanya.<\/span><\/li>\n<\/ol>\n<p><span style=\"font-weight: 400;\">Tota la informaci\u00f3 que facilite l&#8217;usuari a trav\u00e9s dels serveis haur\u00e0 de ser vera\u00e7. A aquests efectes, l&#8217;usuari garantix l&#8217;autenticitat de totes les dades que comunique com a conseq\u00fc\u00e8ncia de la utilitzaci\u00f3 de determinats serveis. De la mateixa manera, ser\u00e0 responsabilitat de l&#8217;usuari mantindre tota la informaci\u00f3 facilitada a l&#8217;ENTITAT DE GESTI\u00d3 I MODERNITZACI\u00d3 FORN D&#8217;ALCEDO permanentment actualitzada, de manera que responga, en cada moment, a la situaci\u00f3 real de l&#8217;usuari, no sent responsable l&#8217;ENTITAT DE GESTI\u00d3 I MODERNITZACI\u00d3 FORN D&#8217;ALCEDO dels perjudicis que es puguen causar a tercers per la informaci\u00f3 que l&#8217;usuari facilite.  <\/span><\/p>\n<p><span style=\"font-weight: 400;\">L&#8217;usuari es compromet a utilitzar correctament els continguts posats a la seua disposici\u00f3 al lloc web, entenent per aquests, sense car\u00e0cter limitatiu, els textos, fotografies, gr\u00e0fics, imatges, icones, tecnologia, software, links i altres continguts audiovisuals o sonors, aix\u00ed com el disseny gr\u00e0fic i els codis font, de conformitat amb la llei, el present av\u00eds legal, les condicions particulars de certs serveis i altres avisos, reglaments, \u00fas i instruccions posades en el seu coneixement, aix\u00ed com amb la moral, les bones costums generalment acceptades i l&#8217;ordre p\u00fablic. En particular, es compromet a abstindre&#8217;s de:<\/span><\/p>\n<ul>\n<li style=\"font-weight: 400;\" aria-level=\"1\"><span style=\"font-weight: 400;\">Reproduir, copiar, distribuir, posar a disposici\u00f3 o de qualsevol altra forma comunicar p\u00fablicament, transformar o modificar els continguts, llevat que es compte amb l&#8217;autoritzaci\u00f3 del titular dels corresponents drets o estiga legalment perm\u00e9s.<\/span><\/li>\n<li style=\"font-weight: 400;\" aria-level=\"1\"><span style=\"font-weight: 400;\">Suprimir, manipular, o de qualsevol altra manera alterar el copyright i altres dades identificatives de la reserva de drets de l&#8217;ENTITAT DE GESTI\u00d3 I MODERNITZACI\u00d3 FORN D&#8217;ALCEDO o dels seus titulars, de les empremtes digitals o de qualsevol altre mitj\u00e0 t\u00e8cnic establit per al seu reconeixement.<\/span><\/li>\n<li style=\"font-weight: 400;\" aria-level=\"1\"><span style=\"font-weight: 400;\">Obtenir, i fins i tot intentar obtindre els continguts utilitzant mitjans o procediments diferents dels que, segons els casos, s&#8217;hagen posat a la seua disposici\u00f3 a aquest efecte o s&#8217;hagen indicat en les p\u00e0gines web on es troben els continguts o, en general, dels que s&#8217;empren habitualment a internet.<\/span><\/li>\n<\/ul>\n<p><b>Objecte<\/b><\/p>\n<ul>\n<li style=\"font-weight: 400;\" aria-level=\"1\"><span style=\"font-weight: 400;\">\u00c9s objecte dels presents termes d&#8217;\u00fas la navegaci\u00f3, acc\u00e9s i \u00fas del portal i de la seua informaci\u00f3 (en terminologia anglesa reconeguda, Browsing, \u00e9s a dir, fullejar un espai amb el prop\u00f2sit de recon\u00e9ixer objectes en ell). Aquesta conducta f\u00e1ctica suposa l&#8217;acceptaci\u00f3 jur\u00eddica autom\u00e0tica i sense modificaci\u00f3 alguna, dels termes, condicions i advert\u00e8ncies recollides en aquest text. Les conductes descrites confereixen la condici\u00f3 d&#8217;usuari sense necessitat de signatura convencional per part de l&#8217;usuari, quant als termes ac\u00ed establits, sense perjudici de l&#8217;aplicaci\u00f3 de les corresponents normatives d&#8217;obligat compliment. \u00c9s obligaci\u00f3 d&#8217;ENTITAT DE GESTI\u00d3 I MODERNITZACI\u00d3 FORN D&#8217;ALCEDO advertir que, si l&#8217;Usuari no est\u00e0 d&#8217;acord amb els termes presents en aquest document, l&#8217;usuari haur\u00e0 d&#8217;abstindre&#8217;s d&#8217;accedir als llocs web, per la qual cosa ENTITAT DE GESTI\u00d3 I MODERNITZACI\u00d3 FORN D&#8217;ALCEDO li invita immediatament a abandonar aquest lloc web si est\u00e0 conforme amb la citada advert\u00e8ncia.  <\/span><\/li>\n<li style=\"font-weight: 400;\" aria-level=\"1\"><span style=\"font-weight: 400;\">L&#8217;Usuari es declara una persona f\u00edsica o jur\u00eddica, ENTITAT DE GESTI\u00d3 I MODERNITZACI\u00d3 FORN D&#8217;ALCEDO declara, i l&#8217;Usuari reconeix, que ENTITAT DE GESTI\u00d3 I MODERNITZACI\u00d3 FORN D&#8217;ALCEDO proporciona gran diversitat d&#8217;informaci\u00f3, serveis i dades, assumint l&#8217;usuari la seua responsabilitat en l&#8217;\u00fas correcte dels llocs web. Aquesta responsabilitat s&#8217;estendr\u00e0 a tots aquells usos i pr\u00e0ctiques que realitze l&#8217;usuari dins dels llocs web, aix\u00ed com l&#8217;\u00fas de la informaci\u00f3, serveis i dades oferits per ENTITAT DE GESTI\u00d3 I MODERNITZACI\u00d3 FORN D&#8217;ALCEDO. <\/span><\/li>\n<\/ul>\n<p><b>Directrius de l&#8217;Usuari<\/b><\/p>\n<p><span style=\"font-weight: 400;\">Hem establit una s\u00e8rie de normes b\u00e0siques perqu\u00e8 l&#8217;usuari puga seguir-les quan accedisca als nostres llocs web, aix\u00ed com quan contracte els nostres serveis. Per favor, seguisca aquestes normes: <\/span><\/p>\n<p><b>Directrius d&#8217;acc\u00e9s als llocs web<\/b><\/p>\n<p><b> <\/b><\/p>\n<ul>\n<li style=\"font-weight: 400;\" aria-level=\"1\"><span style=\"font-weight: 400;\">Per a accedir als llocs web, l&#8217;Usuari ha de comptar amb un acc\u00e9s i connexi\u00f3 a la Xarxa Internet, tindre l&#8217;equip\/dispositiu i els sistemes electr\u00f2nics necessaris per a realitzar la connexi\u00f3 a la xarxa, incloent-hi un terminal que siga adequat a l&#8217;efecte (ordinador, tel\u00e8fon, tablet, etc\u2026) i un modem o altre dispositiu d&#8217;acc\u00e9s an\u00e0leg o semblant.<\/span><\/li>\n<li style=\"font-weight: 400;\" aria-level=\"1\"><span style=\"font-weight: 400;\">L&#8217;Usuari coneix que el correcte acc\u00e9s i \u00fas de determinats continguts i serveis dels llocs web, pot implicar la desc\u00e0rrega en els seus dispositius inform\u00e0tics de determinats programes d&#8217;ordinador o altres elements l\u00f2gics. L&#8217;Usuari \u00e9s l&#8217;\u00fanic responsable per la instal\u00b7laci\u00f3 dels citats elements, declinant ENTITAT DE GESTI\u00d3 I MODERNITZACI\u00d3 FORN D&#8217;ALCEDO qualsevol tipus de responsabilitat que d&#8217;aix\u00f2 poguera derivar-se. <\/span><\/li>\n<\/ul>\n<p><b>Directrius d&#8217;utilitzaci\u00f3 dels llocs web per l&#8217;usuari<\/b><\/p>\n<p><b> <\/b><\/p>\n<ul>\n<li style=\"font-weight: 400;\" aria-level=\"1\"><span style=\"font-weight: 400;\">L&#8217;usuari s&#8217;obliga a portar a terme una utilitzaci\u00f3 dels llocs web, els seus termes, serveis que es pogueren oferir, continguts de conformitat amb la Llei, la moral, les bones costums i l&#8217;ordre p\u00fablic, no utilitzant-lo contr\u00e0riament als continguts presents en aquest text, de manera lesiva per a ENTITAT DE GESTI\u00d3 I MODERNITZACI\u00d3 FORN D&#8217;ALCEDO o tercers, o que de qualsevol manera puga danyar, inutilitzar o deteriorar els llocs web o els seus serveis, o impedir un gaudi normal dels llocs web per altres Usuaris.<\/span><\/li>\n<li style=\"font-weight: 400;\" aria-level=\"1\"><span style=\"font-weight: 400;\">L&#8217;usuari s&#8217;abstindr\u00e0 de realitzar accions que danyen, interrompen o generen errors en els sistemes ENTITAT DE GESTI\u00d3 I MODERNITZACI\u00d3 FORN D&#8217;ALCEDO, aix\u00ed com introduir programes, virus, macros, applets, controls ActiveX o qualsevol altre dispositiu l\u00f2gic o seq\u00fc\u00e8ncia de car\u00e0cters que causen o siguen susceptibles de causar qualsevol tipus d&#8217;alteraci\u00f3 en els sistemes inform\u00e0tics.<\/span><\/li>\n<li style=\"font-weight: 400;\" aria-level=\"1\"><span style=\"font-weight: 400;\">ENTITAT DE GESTI\u00d3 I MODERNITZACI\u00d3 FORN D&#8217;ALCEDO es reserva el dret a denegar o retirar l&#8217;acc\u00e9s als llocs web i\/o als Serveis, en qualsevol moment i sense necessitat de previ av\u00eds a aquells USUARIS que incomplisquen els termes i condicions d&#8217;\u00fas.<\/span><\/li>\n<\/ul>\n<p><b>Limitaci\u00f3 de responsabilitat d&#8217;ENTITAT DE GESTI\u00d3 I MODERNITZACI\u00d3 FORN D&#8217;ALCEDO per l&#8217;\u00fas dels llocs web<\/b><\/p>\n<p><b> <\/b><\/p>\n<ul>\n<li style=\"font-weight: 400;\" aria-level=\"1\"><span style=\"font-weight: 400;\">Els llocs web poden albergar continguts publicitaris o estar relacionats amb patrocinadors, els quals s\u00f3n els \u00fanics responsables d&#8217;assegurar-se que el material rem\u00e9s, per a la seua inclusi\u00f3 en els llocs web, complix amb les lleis que en cada cas puguen ser d&#8217;aplicaci\u00f3. ENTITAT DE GESTI\u00d3 I MODERNITZACI\u00d3 FORN D&#8217;ALCEDO no ser\u00e0 responsable de qualsevol error, inexactitud o irregularitat que puguen contindre els continguts publicitaris o dels patrocinadors. <\/span><\/li>\n<li style=\"font-weight: 400;\" aria-level=\"1\"><span style=\"font-weight: 400;\">ENTITAT DE GESTI\u00d3 I MODERNITZACI\u00d3 FORN D&#8217;ALCEDO fa tots els esfor\u00e7os necessaris per a oferir la informaci\u00f3 continguda en els llocs web de manera vera\u00e7 i sense errors tipogr\u00e0fics. En cas que en algun moment es produ\u00efsca algun error d&#8217;aquest tipus, ali\u00e9 en tot moment a la voluntat d&#8217;ENTITAT DE GESTI\u00d3 I MODERNITZACI\u00d3 FORN D&#8217;ALCEDO, es procedir\u00e0 a la subsanaci\u00f3 de la falta a la major brevetat i es facilitar\u00e0 a l&#8217;Usuari la informaci\u00f3 i opcions establides en la legislaci\u00f3. <\/span><\/li>\n<li style=\"font-weight: 400;\" aria-level=\"1\"><span style=\"font-weight: 400;\">ENTITAT DE GESTI\u00d3 I MODERNITZACI\u00d3 FORN D&#8217;ALCEDO no ser\u00e0 responsable davant l&#8217;Usuari, pel que fa a:<\/span><\/li>\n<\/ul>\n<p><span style=\"font-weight: 400;\">&gt;&gt;L&#8217;efic\u00e0cia en la connexi\u00f3, aix\u00ed com la velocitat d&#8217;acc\u00e9s als llocs web per part de l&#8217;Usuari. Les interfer\u00e8ncies, omissions, interrupcions, virus inform\u00e0tics, avaries telef\u00f2niques o desconnexions en el funcionament operatiu del sistema electr\u00f2nic per causes alienes a ENTITAT DE GESTI\u00d3 I MODERNITZACI\u00d3 FORN D&#8217;ALCEDO. <\/span><\/p>\n<p><span style=\"font-weight: 400;\">&gt;&gt;La informaci\u00f3 introdu\u00efda per usuaris i terceres persones, alienes a ENTITAT DE GESTI\u00d3 I MODERNITZACI\u00d3 FORN D&#8217;ALCEDO i amb les quals no es mantinga cap tipus d&#8217;acord ni col\u00b7laboraci\u00f3.<\/span><\/p>\n<p><b>Pol\u00edtica d&#8217;enlla\u00e7os i exempcions de responsabilitat<\/b><\/p>\n<p><span style=\"font-weight: 400;\"> <\/span><\/p>\n<ul>\n<li style=\"font-weight: 400;\" aria-level=\"1\"><span style=\"font-weight: 400;\">ENTITAT DE GESTI\u00d3 I MODERNITZACI\u00d3 FORN D&#8217;ALCEDO no es fa responsable del contingut de les p\u00e0gines web a les quals l&#8217;Usuari puga accedir a trav\u00e9s dels enlla\u00e7os establits en la plataforma i declara que en cap cas procedir\u00e0 a examinar o exercitar cap tipus de control sobre el contingut d&#8217;altres p\u00e0gines de la xarxa. Aix\u00ed mateix, tampoc garantir\u00e0 la disponibilitat t\u00e8cnica, exactitud, veracitat, validesa o legalitat de p\u00e0gines alienes a la seua propietat a les quals es puga accedir per mitj\u00e0 dels enlla\u00e7os. <\/span><\/li>\n<li style=\"font-weight: 400;\" aria-level=\"1\"><span style=\"font-weight: 400;\">ENTITAT DE GESTI\u00d3 I MODERNITZACI\u00d3 FORN D&#8217;ALCEDO declara haver adoptat totes les mesures necess\u00e0ries per a evitar qualsevol dany que, als Usuaris dels seus llocs web, poguera derivar-se de la navegaci\u00f3 pels seus llocs. En conseq\u00fc\u00e8ncia, ENTITAT DE GESTI\u00d3 I MODERNITZACI\u00d3 FORN D&#8217;ALCEDO no es fa responsable, en cap cas, dels eventuals danys que per la navegaci\u00f3 per Internet poguera patir l&#8217;Usuari.<\/span><\/li>\n<\/ul>\n<p><b>Vig\u00e8ncia del present text<\/b><\/p>\n<p><b> <\/b><\/p>\n<ul>\n<li style=\"font-weight: 400;\" aria-level=\"1\"><span style=\"font-weight: 400;\">ENTITAT DE GESTI\u00d3 I MODERNITZACI\u00d3 FORN D&#8217;ALCEDO es reserva el dret a realitzar les modificacions que considere oportunes, sense av\u00eds previ, en el contingut del lloc. Tant pel que fa als continguts dels llocs, com en les condicions d&#8217;\u00fas d&#8217;aquests. Aquestes modificacions podran realitzar-se, a trav\u00e9s del lloc web, per qualsevol forma admissible en dret i seran d&#8217;obligat compliment durant el temps en qu\u00e8 exclusivament es troben publicades i a disposici\u00f3 en els llocs web i fins que no siguen modificades per altres posteriors. <\/span><\/li>\n<li style=\"font-weight: 400;\" aria-level=\"1\"><span style=\"font-weight: 400;\">ENTITAT DE GESTI\u00d3 I MODERNITZACI\u00d3 FORN D&#8217;ALCEDO es reserva el dret a actualitzar l&#8217;\u00fas, termes i condicions aplicables als llocs web. Sent sempre d&#8217;aplicaci\u00f3, en benefici de l&#8217;Usuari, els vigents en el moment en qu\u00e8 accedisca al lloc web, aix\u00ed com els vigents a la data de la possible sol\u00b7licitud de serveis, si fora aquest el cas. L&#8217;actualitzaci\u00f3 es preavisar\u00e0 a trav\u00e9s del lloc web, que s&#8217;obrir\u00e0 en accedir a la p\u00e0gina amb una antelaci\u00f3 m\u00ednima de 15 dies. <\/span><\/li>\n<\/ul>\n<p><b>Propietat intel\u00b7lectual i industrial<\/b><\/p>\n<p><b> <\/b><\/p>\n<ul>\n<li style=\"font-weight: 400;\" aria-level=\"1\"><span style=\"font-weight: 400;\">Tots els textos, imatges, continguts, logos, marques registrades o no, aix\u00ed com els mitjans i formes de presentaci\u00f3 i muntatge dels llocs web, s\u00f3n titularitat origin\u00e0ria o derivada d&#8217;ENTITAT DE GESTI\u00d3 I MODERNITZACI\u00d3 FORN D&#8217;ALCEDO. Conseq\u00fcentment s\u00f3n obres o continguts protegits com a propietat intel\u00b7lectual i\/o propietat industrial per l&#8217;ordenament jur\u00eddic espanyol conforme al Reial decret legislatiu 1\/1996, de 12 d&#8217;abril, pel qual s&#8217;aprova el Text ref\u00f3s de la Llei de Propietat Intel\u00b7lectual i per la Llei 17\/2001, de 7 de desembre, de Marques, sent a m\u00e9s aplicables tant la normativa espanyola af\u00ed i comunit\u00e0ria en els citats camps, com els tractats internacionals relatius a la mat\u00e8ria i subscrits per Espanya. <\/span><\/li>\n<li style=\"font-weight: 400;\" aria-level=\"1\"><span style=\"font-weight: 400;\">Tots els drets sobre els continguts estan reservats quedant prohibida expressament la reproducci\u00f3, distribuci\u00f3, comunicaci\u00f3 p\u00fablica, transformaci\u00f3 i\/o qualsevol modalitat d&#8217;\u00fas, de la totalitat o part dels continguts dels llocs web sense el consentiment expr\u00e9s d&#8217;ENTITAT DE GESTI\u00d3 I MODERNITZACI\u00d3 FORN D&#8217;ALCEDO.<\/span><\/li>\n<\/ul>\n<p><b>Legislaci\u00f3 aplicable i jurisdicci\u00f3<\/b><\/p>\n<p><b> <\/b><\/p>\n<ul>\n<li style=\"font-weight: 400;\" aria-level=\"1\"><span style=\"font-weight: 400;\">ENTITAT DE GESTI\u00d3 I MODERNITZACI\u00d3 FORN D&#8217;ALCEDO es reserva aix\u00ed mateix la facultat de presentar les accions civils o penals que considere oportunes per l&#8217;\u00fas indegut de les seues p\u00e0gines web i continguts, o per l&#8217;incompliment de les presents condicions.<\/span><\/li>\n<li style=\"font-weight: 400;\" aria-level=\"1\"><span style=\"font-weight: 400;\">Les parts acorden, de les seues lliures voluntats, que la relaci\u00f3 entre l&#8217;usuari i ENTITAT DE GESTI\u00d3 I MODERNITZACI\u00d3 FORN D&#8217;ALCEDO es regir\u00e0 per la normativa espanyola vigent i seran competents per a decidir sobre qualsevol controv\u00e8rsia que es poguera suscitar entre l&#8217;Usuari i ENTITAT DE GESTI\u00d3 I MODERNITZACI\u00d3 FORN D&#8217;ALCEDO, els jutjats o tribunals de la localitat de Val\u00e8ncia.<\/span><\/li>\n<\/ul>\n\t\t\t\t\t\t<\/div>\n\t\t\t\t<\/div>\n\t\t\t\t\t<\/div>\n\t\t\t\t<\/div>\n\t\t\t\t<\/div>\n\t\t","protected":false},"excerpt":{"rendered":"<p>Termes i condicions d&#8217;\u00fas Gr\u00e0cies per triar l&#8217;ENTITAT DE GESTI\u00d3 I MODERNITZACI\u00d3 FORN D&#8217;ALCEDO. Mitjan\u00e7ant l&#8217;\u00fas i acc\u00e9s a aquest lloc web i a les adreces URL derivades de www.egmhornodealcedo.com (d&#8217;ara endavant, els llocs web), vost\u00e9 establix un contracte vinculant amb la nostra societat. Aquest contracte inclou i implica la seua acceptaci\u00f3 d&#8217;aquests \u201cTermes i&hellip;&nbsp;<a href=\"https:\/\/www.areaindustrialhornodealcedo.com\/val\/avis-legal\/\" rel=\"bookmark\">Read More &raquo;<span class=\"screen-reader-text\">Av\u00eds Legal<\/span><\/a><\/p>\n","protected":false},"author":2,"featured_media":0,"parent":0,"menu_order":0,"comment_status":"closed","ping_status":"closed","template":"","meta":{"neve_meta_sidebar":"","neve_meta_container":"","neve_meta_enable_content_width":"","neve_meta_content_width":0,"neve_meta_title_alignment":"","neve_meta_author_avatar":"","neve_post_elements_order":"","neve_meta_disable_header":"","neve_meta_disable_footer":"","neve_meta_disable_title":"off","footnotes":""},"class_list":["post-685","page","type-page","status-publish","hentry"],"_links":{"self":[{"href":"https:\/\/www.areaindustrialhornodealcedo.com\/val\/wp-json\/wp\/v2\/pages\/685","targetHints":{"allow":["GET"]}}],"collection":[{"href":"https:\/\/www.areaindustrialhornodealcedo.com\/val\/wp-json\/wp\/v2\/pages"}],"about":[{"href":"https:\/\/www.areaindustrialhornodealcedo.com\/val\/wp-json\/wp\/v2\/types\/page"}],"author":[{"embeddable":true,"href":"https:\/\/www.areaindustrialhornodealcedo.com\/val\/wp-json\/wp\/v2\/users\/2"}],"replies":[{"embeddable":true,"href":"https:\/\/www.areaindustrialhornodealcedo.com\/val\/wp-json\/wp\/v2\/comments?post=685"}],"version-history":[{"count":1,"href":"https:\/\/www.areaindustrialhornodealcedo.com\/val\/wp-json\/wp\/v2\/pages\/685\/revisions"}],"predecessor-version":[{"id":686,"href":"https:\/\/www.areaindustrialhornodealcedo.com\/val\/wp-json\/wp\/v2\/pages\/685\/revisions\/686"}],"wp:attachment":[{"href":"https:\/\/www.areaindustrialhornodealcedo.com\/val\/wp-json\/wp\/v2\/media?parent=685"}],"curies":[{"name":"wp","href":"https:\/\/api.w.org\/{rel}","templated":true}]}}