{"id":697,"date":"2024-06-03T10:09:37","date_gmt":"2024-06-03T08:09:37","guid":{"rendered":"https:\/\/www.areaindustrialhornodealcedo.com\/politica-de-cookies\/"},"modified":"2024-10-24T10:29:11","modified_gmt":"2024-10-24T08:29:11","slug":"politica-de-cookies","status":"publish","type":"page","link":"https:\/\/www.areaindustrialhornodealcedo.com\/val\/politica-de-cookies\/","title":{"rendered":"Pol\u00edtica de Cookies"},"content":{"rendered":"\t\t<div data-elementor-type=\"wp-page\" data-elementor-id=\"697\" class=\"elementor elementor-697 elementor-451\" data-elementor-post-type=\"page\">\n\t\t\t\t<div class=\"elementor-element elementor-element-5132d2b e-flex e-con-boxed e-con e-parent\" data-id=\"5132d2b\" data-element_type=\"container\">\n\t\t\t\t\t<div class=\"e-con-inner\">\n\t\t\t\t<div class=\"elementor-element elementor-element-91d5753 elementor-widget elementor-widget-text-editor\" data-id=\"91d5753\" data-element_type=\"widget\" data-widget_type=\"text-editor.default\">\n\t\t\t\t<div class=\"elementor-widget-container\">\n\t\t\t<style>\/*! elementor - v3.21.0 - 08-05-2024 *\/\n.elementor-widget-text-editor.elementor-drop-cap-view-stacked .elementor-drop-cap{background-color:#69727d;color:#fff}.elementor-widget-text-editor.elementor-drop-cap-view-framed .elementor-drop-cap{color:#69727d;border:3px solid;background-color:transparent}.elementor-widget-text-editor:not(.elementor-drop-cap-view-default) .elementor-drop-cap{margin-top:8px}.elementor-widget-text-editor:not(.elementor-drop-cap-view-default) .elementor-drop-cap-letter{width:1em;height:1em}.elementor-widget-text-editor .elementor-drop-cap{float:left;text-align:center;line-height:1;font-size:50px}.elementor-widget-text-editor .elementor-drop-cap-letter{display:inline-block}<\/style>\t\t\t\t<p><b>Navegaci\u00f3 web. Reserva de Cookies <\/b><\/p>\n<p><span style=\"font-weight: 400;\">Una cookie \u00e9s un arxiu que es descarrega en el seu ordinador en accedir a determinades p\u00e0gines web. Les cookies permeten a una p\u00e0gina web, entre altres coses, emmagatzemar i recuperar informaci\u00f3 sobre els h\u00e0bits de navegaci\u00f3 d&#8217;un usuari o del seu equip i, depenent de la informaci\u00f3 que continga i de la forma en qu\u00e8 utilitze el seu equip, poden utilitzar-se per a recon\u00e9ixer l&#8217;usuari. <\/span><\/p>\n<p><span style=\"font-weight: 400;\">Les cookies s\u00f3n essencials per al funcionament d&#8217;internet, aportant innombrables avantatges en la prestaci\u00f3 de serveis interactius, facilitant la navegaci\u00f3 i usabilitat de la nostra web.<\/span><\/p>\n<p><span style=\"font-weight: 400;\">La informaci\u00f3 que li proporcionem a continuaci\u00f3 l&#8217;ajudar\u00e0 a comprendre els diferents tipus de cookies:<\/span><\/p>\n<ul>\n<li style=\"font-weight: 400;\" aria-level=\"1\"><span style=\"font-weight: 400;\">Conforme al que disposa l&#8217;article 22.2 de la Llei 34\/2002, d&#8217;11 de juliol, de Serveis de la Societat de la Informaci\u00f3 i de Comer\u00e7 Electr\u00f2nic (LSSI-CE) vigent, ENTITAT DE GESTI\u00d3 I MODERNITZACI\u00d3 FORN D&#8217;ALCEDO, complix amb les seues obligacions d&#8217;informaci\u00f3 sobre les cookies que utilitza i les seues finalitats.<\/span><\/li>\n<li style=\"font-weight: 400;\" aria-level=\"1\"><span style=\"font-weight: 400;\">Les cookies permeten a una p\u00e0gina web, entre altres coses, emmagatzemar i recuperar informaci\u00f3 sobre els h\u00e0bits de navegaci\u00f3 d&#8217;un usuari o del seu equip i, depenent de la informaci\u00f3 que continga i de la forma en qu\u00e8 utilitze el seu equip, poden utilitzar-se per a recon\u00e9ixer l&#8217;usuari. Les cookies s\u00f3n essencials per al funcionament d&#8217;internet, aportant innombrables avantatges en la prestaci\u00f3 de serveis interactius, facilitant la navegaci\u00f3 i usabilitat de la nostra web. <\/span><\/li>\n<li style=\"font-weight: 400;\" aria-level=\"1\"><b>Cookies t\u00e8cniques:<\/b><span style=\"font-weight: 400;\"> S\u00f3n aquelles que permeten a l&#8217;usuari la navegaci\u00f3 a trav\u00e9s d&#8217;una p\u00e0gina web, plataforma o aplicaci\u00f3 i la utilitzaci\u00f3 de les diferents opcions o serveis que en ella existisquen, com ara controlar el tr\u00e0nsit i la comunicaci\u00f3 de dades, identificar la sessi\u00f3, accedir a parts d&#8217;acc\u00e9s restringit, recordar els elements que integren una comanda, realitzar el proc\u00e9s de compra d&#8217;una comanda, realitzar la sol\u00b7licitud d&#8217;inscripci\u00f3 o participaci\u00f3 en un esdeveniment, utilitzar elements de seguretat durant la navegaci\u00f3, emmagatzemar continguts per a la difusi\u00f3 de v\u00eddeos o sons, o compartir continguts a trav\u00e9s de xarxes socials.<\/span><\/li>\n<li style=\"font-weight: 400;\" aria-level=\"1\"><b>Cookies de personalitzaci\u00f3:<\/b><br \/><span style=\"font-weight: 400;\">S\u00f3n aquelles que permeten a l&#8217;usuari accedir al servei amb algunes caracter\u00edstiques de car\u00e0cter general predefinides en funci\u00f3 d&#8217;una s\u00e8rie de criteris en el terminal de l&#8217;usuari, com per exemple serien l&#8217;idioma, el tipus de navegador a trav\u00e9s del qual accedeix al servei, la configuraci\u00f3 regional des d&#8217;on accedeix al servei, etc.<\/span><\/li>\n<li style=\"font-weight: 400;\" aria-level=\"1\"><b>Cookies d&#8217;an\u00e0lisi:<\/b><span style=\"font-weight: 400;\"> S\u00f3n aquelles que permeten al responsable de les mateixes, el seguiment i an\u00e0lisi del comportament dels usuaris dels llocs web als quals estan vinculades. La informaci\u00f3 recollida mitjan\u00e7ant aquest tipus de cookies s&#8217;utilitza en la mesura de l&#8217;activitat dels llocs web, aplicaci\u00f3 o plataforma i per a l&#8217;elaboraci\u00f3 de perfils de navegaci\u00f3 dels usuaris d&#8217;aquests llocs, aplicacions i plataformes, amb la finalitat d&#8217;introduir millores en funci\u00f3 de l&#8217;an\u00e0lisi de les dades d&#8217;\u00fas que fan els usuaris del servei. <\/span><\/li>\n<li style=\"font-weight: 400;\" aria-level=\"1\"><b>Cookies publicit\u00e0ries:<\/b><br \/><span style=\"font-weight: 400;\">S\u00f3n aquelles que permeten la gesti\u00f3, de la manera m\u00e9s efica\u00e7 possible, dels espais publicitaris que, si escau, l&#8217;editor haja incl\u00f2s en una p\u00e0gina web, aplicaci\u00f3 o plataforma des de la qual presta el servei sol\u00b7licitat en base a criteris com el contingut editat o la freq\u00fc\u00e8ncia amb la qual es mostren els anuncis.<\/span><\/li>\n<li style=\"font-weight: 400;\" aria-level=\"1\"><b>Cookies de publicitat comportamental:<\/b><span style=\"font-weight: 400;\">S\u00f3n aquelles que permeten la gesti\u00f3, de la manera m\u00e9s efica\u00e7 possible, dels espais publicitaris que, si escau, l&#8217;editor haja incl\u00f2s en una p\u00e0gina web, aplicaci\u00f3 o plataforma des de la qual presta el servei sol\u00b7licitat. Aquestes cookies emmagatzemen informaci\u00f3 del comportament dels usuaris obtinguda a trav\u00e9s de l&#8217;observaci\u00f3 continuada dels seus h\u00e0bits de navegaci\u00f3, la qual cosa permet desenvolupar un perfil espec\u00edfic per a mostrar publicitat en funci\u00f3 d&#8217;aquest. <\/span><\/li>\n<\/ul>\n<p><b>El lloc utilitza els seg\u00fcents tipus de cookies:<\/b><\/p>\n<ol>\n<li> <b>cookies de sessi\u00f3: <\/b><span style=\"font-weight: 400;\">que s&#8217;emmagatzemen nom\u00e9s temporalment durant una sessi\u00f3 de navegaci\u00f3 per a permetre l&#8217;\u00fas normal del sistema i s&#8217;eliminen del dispositiu en tancar el navegador.<\/span><\/li>\n<li><b><\/b> <b>cookies persistents<\/b><b>:<\/b><span style=\"font-weight: 400;\">que nom\u00e9s les llig el lloc, es guarden en l&#8217;equip durant un per\u00edode fixat i no s&#8217;eliminen en tancar el navegador. Aquestes cookies s&#8217;utilitzen quan \u00e9s necessari con\u00e9ixer la seua identitat en cas de visites freq\u00fcents, per exemple, per a permetre&#8217;ns emmagatzemar les seues prefer\u00e8ncies per al pr\u00f2xim inici de sessi\u00f3. <\/span><\/li>\n<li> <b>cookies de tercers:<\/b> <span style=\"font-weight: 400;\">que estableixen altres serveis en l\u00ednia que executen contingut en la p\u00e0gina que est\u00e0 visitant, per exemple, empreses d&#8217;an\u00e0lisi de tercers que supervisen i examinen l&#8217;acc\u00e9s al lloc web.<\/span><\/li>\n<\/ol>\n<p><span style=\"font-weight: 400;\">Les cookies no contenen cap informaci\u00f3 que l&#8217;identifique personalment, per\u00f2 la informaci\u00f3 personal que emmagatzemem sobre vost\u00e9 pot estar vinculada, per nosaltres, a la informaci\u00f3 emmagatzemada en les cookies i obtinguda a partir d&#8217;aquestes. Pot eliminar les cookies mitjan\u00e7ant les instruccions incloses en les prefer\u00e8ncies del dispositiu. No obstant aix\u00f2, si opta per desactivar les cookies, \u00e9s possible que algunes funcions del nostre lloc no funcionen correctament i la seua experi\u00e8ncia en l\u00ednia pot ser limitada.  <\/span><\/p>\n<p><span style=\"font-weight: 400;\">Utilitzem una eina basada en la tecnologia<\/span> <span style=\"font-weight: 400;\"><a href=\"https:\/\/snowplowanalytics.com\/\">Snowplow Analytics<\/a><\/span><span style=\"font-weight: 400;\"> per a recopilar informaci\u00f3 sobre l&#8217;\u00fas del lloc. Aquesta eina recopila informaci\u00f3, com la freq\u00fc\u00e8ncia amb qu\u00e8 els usuaris accedeixen al lloc, les p\u00e0gines que visiten, etc. No recopila cap informaci\u00f3 personal i nom\u00e9s la utilitza el prove\u00efdor de serveis d&#8217;allotjament i \u00fas del lloc per a millorar el lloc i els serveis.  <\/span><\/p>\n<p><b>\u00das de les biblioteques de comandaments (Google Web Fonts)<\/b><\/p>\n<p><b> <\/b><\/p>\n<p><span style=\"font-weight: 400;\">Per a presentar el contingut de manera correcta i visualment atractiva en tots els navegadors, utilitzem biblioteques de scripts i fonts com, per exemple<\/span>, <a href=\"https:\/\/www.google.com\/webfonts\"><span style=\"font-weight: 400;\">Google Web Fonts<\/span><\/a><span style=\"font-weight: 400;\">en aquest lloc web. Google Web Fonts es transfereix a la mem\u00f2ria cau del navegador per a evitar una c\u00e0rrega m\u00faltiple. Si el seu navegador no \u00e9s compatible amb Google Web Fonts o no permet l&#8217;acc\u00e9s, el contingut es mostrar\u00e0 amb una font predeterminada.  <\/span><\/p>\n<ul>\n<li style=\"font-weight: 400;\" aria-level=\"1\"><span style=\"font-weight: 400;\">La crida a biblioteques de scripts o fonts activa autom\u00e0ticament una connexi\u00f3 amb l&#8217;operador de la biblioteca. En teoria, \u00e9s possible que els operadors de les biblioteques corresponents recopilen dades, encara que, en eixe cas, no est\u00e0 clar amb quin objectiu. <\/span><\/li>\n<li style=\"font-weight: 400;\" aria-level=\"1\"><span style=\"font-weight: 400;\">La pol\u00edtica de privacitat de l&#8217;operador de biblioteques de Google est\u00e0 disponible ac\u00ed:<\/span> <span style=\"font-weight: 400;\"><a href=\"https:\/\/www.google.com\/policies\/privacy\">https:\/\/www.google.com\/policies\/privacy<\/a><\/span><span style=\"font-weight: 400;\">.<\/span><\/li>\n<\/ul>\n<p><span style=\"font-weight: 400;\">Per a utilitzar aquest lloc web, podria no ser necess\u00e0ria la instal\u00b7laci\u00f3 de cookies. Vost\u00e9 pot configurar el seu navegador perqu\u00e8 accepte, rebutge o li notifique quan es vaja a allotjar una cookie en el seu ordinador, cada navegador \u00e9s diferent, per aix\u00f2, en el cas que desitge configurar el seu navegador per a bloquejar-les, li facilitem els seg\u00fcents enlla\u00e7os, entre els quals podr\u00e0 trobar el corresponent al seu navegador: <\/span><\/p>\n<p><a href=\"http:\/\/support.mozilla.org\/es\/kb\/habilitar-y-deshabilitar-cookies-que-los-sitios-we\"><span style=\"font-weight: 400;\">MOZILLA FIREFOX<\/span><\/a><\/p>\n<p><a href=\"http:\/\/support.google.com\/chrome\/bin\/answer.py?hl=es&amp;answer=95647\"><span style=\"font-weight: 400;\">GOOGLE CHROME<\/span><\/a><\/p>\n<p><a href=\"http:\/\/windows.microsoft.com\/es-es\/internet-explorer\/delete-manage-cookies#ie%3Die-10\"><span style=\"font-weight: 400;\">INTERNET EXPLORER<\/span><\/a><\/p>\n<p><a href=\"http:\/\/support.apple.com\/kb\/ph5042\"><span style=\"font-weight: 400;\">SAFARI<\/span><\/a><\/p>\n<p><a href=\"http:\/\/help.opera.com\/Windows\/11.50\/es-ES\/cookies.html\"><span style=\"font-weight: 400;\">OPERA<\/span><\/a><\/p>\n<p><a href=\"https:\/\/privacy.microsoft.com\/es-es\/windows-10-microsoft-edge-and-privacy\"><span style=\"font-weight: 400;\">MICROSOFT EDGE<\/span><\/a><\/p>\n<p><span style=\"font-weight: 400;\">ENTITAT DE GESTI\u00d3 I MODERNITZACI\u00d3 FORN D&#8217;ALCEDO li informa que el website utilitza Google Analytics, un servei d&#8217;anal\u00edtica web prestat per Google, el qual ubica una s\u00e8rie de cookies en el seu dispositiu amb l&#8217;exclusiva finalitat d&#8217;avaluar el tipus de navegaci\u00f3 i presentar informes d&#8217;activitat en el website, exactament s\u00f3n quatre cookies per defecte. La captaci\u00f3 de la informaci\u00f3 sobre l&#8217;\u00fas d&#8217;aquest lloc web pels nostres usuaris a trav\u00e9s de Google Analytics nom\u00e9s la fa Google Inc. en el seu propi nom (i no la fa ni en nom ni per compte d&#8217;ENTITAT DE GESTI\u00d3 I MODERNITZACI\u00d3 FORN D&#8217;ALCEDO), no tenint ENTITAT DE GESTI\u00d3 I MODERNITZACI\u00d3 FORN D&#8217;ALCEDO acc\u00e9s en cap moment a tal informaci\u00f3 (sin\u00f3 nom\u00e9s a informaci\u00f3 agregada que li facilita posteriorment Google i que no est\u00e0 associada a cap adre\u00e7a IP).  <\/span><\/p>\n<p><span style=\"font-weight: 400;\">Aix\u00ed mateix, \u00e9s Google qui determina la finalitat del tractament i \u00fas de la informaci\u00f3 captada, aix\u00ed com el funcionament i duraci\u00f3 de les cookies. Google Inc. \u00e9s una empresa adherida a l&#8217;Acord de Port Segur (Fitxa de registre de Google en l&#8217;Acord de Port Segur), que emmagatzema la informaci\u00f3 recollida per les cookies en els seus servidors ubicats als Estats Units. Les empreses adherides a l&#8217;esmentat acord garantixen que les dades transferides s\u00f3n tractades amb un nivell de protecci\u00f3 d&#8217;acord amb la normativa europea.   <\/span><\/p>\n\t\t\t\t\t\t<\/div>\n\t\t\t\t<\/div>\n\t\t\t\t\t<\/div>\n\t\t\t\t<\/div>\n\t\t\t\t<\/div>\n\t\t","protected":false},"excerpt":{"rendered":"<p>Navegaci\u00f3 web. Reserva de Cookies Una cookie \u00e9s un arxiu que es descarrega en el seu ordinador en accedir a determinades p\u00e0gines web. Les cookies permeten a una p\u00e0gina web, entre altres coses, emmagatzemar i recuperar informaci\u00f3 sobre els h\u00e0bits de navegaci\u00f3 d&#8217;un usuari o del seu equip i, depenent de la informaci\u00f3 que continga&hellip;&nbsp;<a href=\"https:\/\/www.areaindustrialhornodealcedo.com\/val\/politica-de-cookies\/\" rel=\"bookmark\">Read More &raquo;<span class=\"screen-reader-text\">Pol\u00edtica de Cookies<\/span><\/a><\/p>\n","protected":false},"author":2,"featured_media":0,"parent":0,"menu_order":0,"comment_status":"closed","ping_status":"closed","template":"","meta":{"neve_meta_sidebar":"","neve_meta_container":"","neve_meta_enable_content_width":"","neve_meta_content_width":0,"neve_meta_title_alignment":"","neve_meta_author_avatar":"","neve_post_elements_order":"","neve_meta_disable_header":"","neve_meta_disable_footer":"","neve_meta_disable_title":"","footnotes":""},"class_list":["post-697","page","type-page","status-publish","hentry"],"_links":{"self":[{"href":"https:\/\/www.areaindustrialhornodealcedo.com\/val\/wp-json\/wp\/v2\/pages\/697","targetHints":{"allow":["GET"]}}],"collection":[{"href":"https:\/\/www.areaindustrialhornodealcedo.com\/val\/wp-json\/wp\/v2\/pages"}],"about":[{"href":"https:\/\/www.areaindustrialhornodealcedo.com\/val\/wp-json\/wp\/v2\/types\/page"}],"author":[{"embeddable":true,"href":"https:\/\/www.areaindustrialhornodealcedo.com\/val\/wp-json\/wp\/v2\/users\/2"}],"replies":[{"embeddable":true,"href":"https:\/\/www.areaindustrialhornodealcedo.com\/val\/wp-json\/wp\/v2\/comments?post=697"}],"version-history":[{"count":1,"href":"https:\/\/www.areaindustrialhornodealcedo.com\/val\/wp-json\/wp\/v2\/pages\/697\/revisions"}],"predecessor-version":[{"id":698,"href":"https:\/\/www.areaindustrialhornodealcedo.com\/val\/wp-json\/wp\/v2\/pages\/697\/revisions\/698"}],"wp:attachment":[{"href":"https:\/\/www.areaindustrialhornodealcedo.com\/val\/wp-json\/wp\/v2\/media?parent=697"}],"curies":[{"name":"wp","href":"https:\/\/api.w.org\/{rel}","templated":true}]}}